{"id":1862,"date":"2022-10-17T15:09:20","date_gmt":"2022-10-17T13:09:20","guid":{"rendered":"https:\/\/www.imprints.de\/zentrum\/one-page-express\/"},"modified":"2026-04-08T08:33:42","modified_gmt":"2026-04-08T06:33:42","slug":"one-page-express","status":"publish","type":"page","link":"https:\/\/www.imprints.de\/diakonie\/","title":{"rendered":"Herzlich willkommen in unserer Praxis"},"content":{"rendered":"\n<h2 class=\"wp-block-heading has-text-color has-link-color has-medium-font-size wp-elements-2a0d321a887aa57ce1a7f5284ea44b83\" style=\"color:#871719\">Guten Tag \u2013<br>Wir hei\u00dfen Sie in unserer Praxis herzlich willkommen.<\/h2>\n\n\n\n<p>Mit unterschiedlichen Qualifikationen arbeiten wir in verschiedenen Fachbereichen auf einem hohen therapeutischen Stand, um unsere Patient*innen individuell versorgen zu k\u00f6nnen.<\/p>\n\n\n\n<hr class=\"wp-block-separator has-alpha-channel-opacity is-style-wide\"\/>\n\n\n\n<figure class=\"wp-block-gallery has-nested-images columns-3 is-cropped wp-block-gallery-1 is-layout-flex wp-block-gallery-is-layout-flex\">\n<figure class=\"wp-block-image size-large\"><a href=\"https:\/\/www.imprints.de\/diakonie\/wp-content\/uploads\/2026\/03\/63A8332.jpg\" data-rel=\"lightbox-gallery-58pj2JYL\" data-rl_title=\"\" data-rl_caption=\"\" title=\"\"><img loading=\"lazy\" decoding=\"async\" width=\"1024\" height=\"683\" data-id=\"2808\" src=\"https:\/\/www.imprints.de\/diakonie\/wp-content\/uploads\/2026\/03\/63A8332-1024x683.jpg\" alt=\"\" class=\"wp-image-2808\" srcset=\"https:\/\/www.imprints.de\/diakonie\/wp-content\/uploads\/2026\/03\/63A8332-1024x683.jpg 1024w, https:\/\/www.imprints.de\/diakonie\/wp-content\/uploads\/2026\/03\/63A8332-300x200.jpg 300w, https:\/\/www.imprints.de\/diakonie\/wp-content\/uploads\/2026\/03\/63A8332-768x512.jpg 768w, https:\/\/www.imprints.de\/diakonie\/wp-content\/uploads\/2026\/03\/63A8332-1536x1024.jpg 1536w, https:\/\/www.imprints.de\/diakonie\/wp-content\/uploads\/2026\/03\/63A8332-1200x800.jpg 1200w, https:\/\/www.imprints.de\/diakonie\/wp-content\/uploads\/2026\/03\/63A8332-620x413.jpg 620w, https:\/\/www.imprints.de\/diakonie\/wp-content\/uploads\/2026\/03\/63A8332-400x267.jpg 400w, https:\/\/www.imprints.de\/diakonie\/wp-content\/uploads\/2026\/03\/63A8332.jpg 1620w\" sizes=\"auto, (max-width: 1024px) 100vw, 1024px\" \/><\/a><\/figure>\n\n\n\n<figure class=\"wp-block-image size-large\"><a href=\"https:\/\/www.imprints.de\/diakonie\/wp-content\/uploads\/2026\/04\/63A8165.jpg\" data-rel=\"lightbox-gallery-58pj2JYL\" data-rl_title=\"\" data-rl_caption=\"\" title=\"\"><img loading=\"lazy\" decoding=\"async\" width=\"1024\" height=\"683\" data-id=\"2845\" src=\"https:\/\/www.imprints.de\/diakonie\/wp-content\/uploads\/2026\/04\/63A8165-1024x683.jpg\" alt=\"\" class=\"wp-image-2845\" srcset=\"https:\/\/www.imprints.de\/diakonie\/wp-content\/uploads\/2026\/04\/63A8165-1024x683.jpg 1024w, https:\/\/www.imprints.de\/diakonie\/wp-content\/uploads\/2026\/04\/63A8165-300x200.jpg 300w, https:\/\/www.imprints.de\/diakonie\/wp-content\/uploads\/2026\/04\/63A8165-768x512.jpg 768w, https:\/\/www.imprints.de\/diakonie\/wp-content\/uploads\/2026\/04\/63A8165-1536x1024.jpg 1536w, https:\/\/www.imprints.de\/diakonie\/wp-content\/uploads\/2026\/04\/63A8165.jpg 1620w\" sizes=\"auto, (max-width: 1024px) 100vw, 1024px\" \/><\/a><\/figure>\n\n\n\n<figure class=\"wp-block-image size-large\"><a href=\"https:\/\/www.imprints.de\/diakonie\/wp-content\/uploads\/2026\/03\/63A8233.jpg\" data-rel=\"lightbox-gallery-58pj2JYL\" data-rl_title=\"\" data-rl_caption=\"\" title=\"\"><img loading=\"lazy\" decoding=\"async\" width=\"1024\" height=\"683\" data-id=\"2807\" src=\"https:\/\/www.imprints.de\/diakonie\/wp-content\/uploads\/2026\/03\/63A8233-1024x683.jpg\" alt=\"\" class=\"wp-image-2807\" srcset=\"https:\/\/www.imprints.de\/diakonie\/wp-content\/uploads\/2026\/03\/63A8233-1024x683.jpg 1024w, https:\/\/www.imprints.de\/diakonie\/wp-content\/uploads\/2026\/03\/63A8233-300x200.jpg 300w, https:\/\/www.imprints.de\/diakonie\/wp-content\/uploads\/2026\/03\/63A8233-768x512.jpg 768w, https:\/\/www.imprints.de\/diakonie\/wp-content\/uploads\/2026\/03\/63A8233-1536x1024.jpg 1536w, https:\/\/www.imprints.de\/diakonie\/wp-content\/uploads\/2026\/03\/63A8233-1200x800.jpg 1200w, https:\/\/www.imprints.de\/diakonie\/wp-content\/uploads\/2026\/03\/63A8233-620x413.jpg 620w, https:\/\/www.imprints.de\/diakonie\/wp-content\/uploads\/2026\/03\/63A8233-400x267.jpg 400w, https:\/\/www.imprints.de\/diakonie\/wp-content\/uploads\/2026\/03\/63A8233.jpg 1620w\" sizes=\"auto, (max-width: 1024px) 100vw, 1024px\" \/><\/a><\/figure>\n\n\n\n<figure class=\"wp-block-image size-large\"><a href=\"https:\/\/www.imprints.de\/diakonie\/wp-content\/uploads\/2026\/03\/63A8203.jpg\" data-rel=\"lightbox-gallery-58pj2JYL\" data-rl_title=\"\" data-rl_caption=\"\" title=\"\"><img loading=\"lazy\" decoding=\"async\" width=\"1024\" height=\"683\" data-id=\"2806\" src=\"https:\/\/www.imprints.de\/diakonie\/wp-content\/uploads\/2026\/03\/63A8203-1024x683.jpg\" alt=\"\" class=\"wp-image-2806\" srcset=\"https:\/\/www.imprints.de\/diakonie\/wp-content\/uploads\/2026\/03\/63A8203-1024x683.jpg 1024w, https:\/\/www.imprints.de\/diakonie\/wp-content\/uploads\/2026\/03\/63A8203-300x200.jpg 300w, https:\/\/www.imprints.de\/diakonie\/wp-content\/uploads\/2026\/03\/63A8203-768x512.jpg 768w, https:\/\/www.imprints.de\/diakonie\/wp-content\/uploads\/2026\/03\/63A8203-1536x1024.jpg 1536w, https:\/\/www.imprints.de\/diakonie\/wp-content\/uploads\/2026\/03\/63A8203-1200x800.jpg 1200w, https:\/\/www.imprints.de\/diakonie\/wp-content\/uploads\/2026\/03\/63A8203-620x413.jpg 620w, https:\/\/www.imprints.de\/diakonie\/wp-content\/uploads\/2026\/03\/63A8203-400x267.jpg 400w, https:\/\/www.imprints.de\/diakonie\/wp-content\/uploads\/2026\/03\/63A8203.jpg 1620w\" sizes=\"auto, (max-width: 1024px) 100vw, 1024px\" \/><\/a><\/figure>\n\n\n\n<figure class=\"wp-block-image size-large\"><a href=\"https:\/\/www.imprints.de\/diakonie\/wp-content\/uploads\/2026\/03\/63A8144.jpg\" data-rel=\"lightbox-gallery-58pj2JYL\" data-rl_title=\"\" data-rl_caption=\"\" title=\"\"><img loading=\"lazy\" decoding=\"async\" width=\"1024\" height=\"683\" data-id=\"2805\" src=\"https:\/\/www.imprints.de\/diakonie\/wp-content\/uploads\/2026\/03\/63A8144-1024x683.jpg\" alt=\"\" class=\"wp-image-2805\" srcset=\"https:\/\/www.imprints.de\/diakonie\/wp-content\/uploads\/2026\/03\/63A8144-1024x683.jpg 1024w, https:\/\/www.imprints.de\/diakonie\/wp-content\/uploads\/2026\/03\/63A8144-300x200.jpg 300w, https:\/\/www.imprints.de\/diakonie\/wp-content\/uploads\/2026\/03\/63A8144-768x512.jpg 768w, https:\/\/www.imprints.de\/diakonie\/wp-content\/uploads\/2026\/03\/63A8144-1536x1024.jpg 1536w, https:\/\/www.imprints.de\/diakonie\/wp-content\/uploads\/2026\/03\/63A8144-1200x800.jpg 1200w, https:\/\/www.imprints.de\/diakonie\/wp-content\/uploads\/2026\/03\/63A8144-620x413.jpg 620w, https:\/\/www.imprints.de\/diakonie\/wp-content\/uploads\/2026\/03\/63A8144-400x267.jpg 400w, https:\/\/www.imprints.de\/diakonie\/wp-content\/uploads\/2026\/03\/63A8144.jpg 1620w\" sizes=\"auto, (max-width: 1024px) 100vw, 1024px\" \/><\/a><\/figure>\n<\/figure>\n\n\n\n<p>Unser Team besteht aus 14 Therapeuten, welche f\u00fcr Sie in folgenden Bereichen f\u00fcr Sie t\u00e4tig sind:<\/p>\n\n\n\n<div class=\"wp-block-columns is-layout-flex wp-container-core-columns-is-layout-28f84493 wp-block-columns-is-layout-flex\">\n<div class=\"wp-block-column is-layout-flow wp-block-column-is-layout-flow\">\n<p class=\"has-text-color has-link-color wp-elements-2c669be44b2ae70339dae2abeabead9b\" style=\"color:#871719\"><strong>Geriatrie \/ Gerontopsychiatrie<\/strong><\/p>\n\n\n\n<p class=\"has-black-color has-text-color has-link-color wp-elements-1d60d20fa370c16c8d059282eebf1e6e\">Beschwerden des h\u00f6heren Lebensalters und Beeintr\u00e4chtigungen durch z.B. Dementielle Syndrome, Depressionen<\/p>\n\n\n\n<p class=\"has-text-color has-link-color wp-elements-41fb3a06d3cc9451d2401f766d59b8b0\" style=\"color:#871719\"><\/p>\n\n\n\n<p class=\"has-text-color has-link-color wp-elements-9bf520ba17b986854e2f122488d56cb8\" style=\"color:#871719\"><strong>P\u00e4diatrie<\/strong><\/p>\n\n\n\n<p class=\"has-black-color has-text-color has-link-color wp-elements-84473b76d484beeceeaf6e06cf4bdc55\">Beeintr\u00e4chtigungen auf k\u00f6rperlicher, seelischer und geistiger Ebene bis zum 18. Lebensjahr durch z.B. Entwicklungsst\u00f6rungen, Wahrnehmungsst\u00f6rungen, Konzentrations- und Aufmerksamkeitsst\u00f6rungen, Verhaltensauff\u00e4lligkeiten, motorische und grafomotorische Auff\u00e4lligkeiten<\/p>\n\n\n\n<p class=\"has-text-color has-link-color wp-elements-a3ab19f96615f39bb5d11e253a917ad4\" style=\"color:#871719\"><strong>Orthop\u00e4die \/ Traumatologie \/ Rheumatologie<\/strong><\/p>\n\n\n\n<p class=\"has-black-color has-text-color has-link-color wp-elements-cb90c8d47d03b0a6a9af3111202197ad\">Beeintr\u00e4chtigungen auf muskuloskelettaler und nervaler Ebene durch z.B. Arthrose, CRPS, Sehnenscheidenentz\u00fcndung, Knochenbr\u00fcche<\/p>\n<\/div>\n\n\n\n<div class=\"wp-block-column is-layout-flow wp-block-column-is-layout-flow\">\n<p class=\"has-text-color has-link-color wp-elements-dfc7c5ca42d17c8f5e1cbd3ab314e344\" style=\"color:#871719\"><strong>Neurologie<\/strong><\/p>\n\n\n\n<p class=\"has-black-color has-text-color has-link-color wp-elements-50227dfd4dc38c49322758b2f2783a5e\">Beeintr\u00e4chtigungen des Nervensystems bei z.B. Multiple Sklerose, Parkinson, Polyneuropathie, Schlaganfall<\/p>\n\n\n\n<p class=\"has-text-color has-link-color wp-elements-a9ae209520d98802ed9deddc5ad20321\" style=\"color:#871719\"><strong>Psychiatrie<\/strong><\/p>\n\n\n\n<p class=\"has-black-color has-text-color has-link-color wp-elements-9138cdce90a47c40e70874169b257015\">Beeintr\u00e4chtigungen durch z.B. \u00a0Depressionen, Burnout, \u00c4ngste, Suchterkrankungen, Psychosen<\/p>\n\n\n\n<p class=\"has-text-color has-link-color wp-elements-85cfe7ee1cc66c2807fd960e3bf62e66\" style=\"color:#871719\"><strong>Chirugie<\/strong><\/p>\n<\/div>\n<\/div>\n\n\n\n<hr class=\"wp-block-separator has-alpha-channel-opacity is-style-wide\"\/>\n\n\n\n<p>Innerhalb dieser Bereiche k\u00f6nnen Wir Ihnen folgende spezifische Therapieangebote anbieten.<\/p>\n\n\n\n<div class=\"wp-block-columns is-layout-flex wp-container-core-columns-is-layout-28f84493 wp-block-columns-is-layout-flex\">\n<div class=\"wp-block-column is-layout-flow wp-block-column-is-layout-flow\">\n<p class=\"has-text-color has-link-color wp-elements-742d31086b1b8e7fe2865af12f9f9567\" style=\"color:#871719\"><strong>Fachergotherapie f\u00fcr Demenz<\/strong><\/p>\n\n\n\n<p class=\"has-text-color has-link-color wp-elements-bc6a22065dcf47aa176bbb76faf18b1d\" style=\"color:#871719\"><strong>Sensorische Integration (P\u00e4diatrie)<\/strong><\/p>\n\n\n\n<p class=\"has-text-color has-link-color wp-elements-0411bbb7a3597a033568cb0456b439f5\" style=\"color:#871719\"><strong>Fachergotherapie f\u00fcr P\u00e4diatrie<\/strong><\/p>\n\n\n\n<p class=\"has-text-color has-link-color wp-elements-0ef80bf2b14a6c6000f94b29b0d5112f\" style=\"color:#871719\"><strong>Neuro-Handtherapie<\/strong><\/p>\n<\/div>\n\n\n\n<div class=\"wp-block-column is-layout-flow wp-block-column-is-layout-flow\">\n<p class=\"has-text-color has-link-color wp-elements-956178d5fca66cad709445ba74a52109\" style=\"color:#871719\"><strong>Zertifizierte Handtherapie<\/strong> einschlie\u00dflich Kompetenzpraxis Handtherapie Lasertherapie\/ Elektro- und Ultraschalltherapie<\/p>\n\n\n\n<p class=\"has-text-color has-link-color wp-elements-4ee0516ad4f266668d558481864ad568\" style=\"color:#871719\"><strong>Bobath Therapie \/ Neurotraining<\/strong><\/p>\n\n\n\n<p class=\"has-text-color has-link-color wp-elements-d60a8347d0e1f289f7eca37c57c79a8e\" style=\"color:#871719\"><strong>Achtsamkeitstraining<\/strong><\/p>\n<\/div>\n<\/div>\n\n\n\n<p class=\"has-text-color has-link-color wp-elements-07ab2493de38d4f3b4db95b4ec60317b\" style=\"color:#871719\">Au\u00dferhalb der Ergotherapie bietet Frau Katja Siebecke Integrative Lerntherapie an. Diese Therapie ist eine spezielle p\u00e4dagogisch-psychologische F\u00f6rderung f\u00fcr Menschen mit Lern- und Leistungsst\u00f6rungen.<\/p>\n\n\n\n<hr class=\"wp-block-separator has-alpha-channel-opacity is-style-wide\"\/>\n\n\n\n<h2 class=\"wp-block-heading has-text-color has-link-color has-medium-font-size wp-elements-be90c9b701744215806f489987ecef94\" style=\"color:#871719\">Das Team:<\/h2>\n\n\n\n<div class=\"wp-block-columns is-layout-flex wp-container-core-columns-is-layout-28f84493 wp-block-columns-is-layout-flex\">\n<div class=\"wp-block-column is-layout-flow wp-block-column-is-layout-flow\">\n<p><strong>Frau Kathrin Jahn<\/strong><br>Praxisinhaberin \/ Praxisleitung<br>Fachbereiche: Geriatrie \/ Psychiatrie<\/p>\n\n\n\n<p><strong>Herr Tobias Schwoch<\/strong><br>Praxisleitung \/ fachliche Leitung Orthop\u00e4die<br>Fachbereiche: Orthop\u00e4die \/ Rheumatologie \/ Neurologie \/ Geriatrie<\/p>\n\n\n\n<p><strong>Frau Katja Siebecke<\/strong><br>stellv. Praxisleitung \/ fachliche Leitung P\u00e4diatrie<br>Fachbereiche: P\u00e4diatrie \/ Psychiatrie<\/p>\n\n\n\n<p><strong>Frau Anika Hunold<\/strong><br>fachliche Leitung Geriatrie<br>Fachbereiche: Geriatrie \/ Gerontopsychiatrie \/ Psychiatrie \/ Psychosomatik<\/p>\n\n\n\n<p><strong>Frau Lena Bollmus<\/strong><br>fachliche Leitung Neurologie<br>Fachbereiche: Neurologie \/ Orthop\u00e4die \/ Geriatrie \/ Psychiatrie<\/p>\n<\/div>\n\n\n\n<div class=\"wp-block-column is-layout-flow wp-block-column-is-layout-flow\">\n<p id=\"block-e61e36d5-f086-46ff-a330-b4c2a60317db\"><strong>Frau Renate Spielvogel<\/strong><br>Fachbereiche: P\u00e4diatrie \/ Geriatrie \/ Psychiatrie<\/p>\n\n\n\n<p><strong>Frau Silvia Quast<\/strong><br>Fachbereiche: Gerontopsychiatrie \/ Geriatrie<\/p>\n\n\n\n<p><strong>Frau Valentina Avdija<\/strong><br>Fachbereiche: Neurologie \/ Orthop\u00e4die \/ Geriatrie<\/p>\n\n\n\n<p><strong>Frau Katharina R\u00f6hlig<\/strong><br>Fachbereiche: Neurologie \/ Orthop\u00e4die \/ Geriatrie<\/p>\n\n\n\n<p><strong>Frau Kathrin Jacobi<\/strong><br>Fachbereiche: Gerontopsychiatrie \/ Geriatrie<\/p>\n\n\n\n<p id=\"block-7d395821-141f-4e15-9870-563d0bb94e08\"><strong>Frau Sandra Remin<\/strong><br>Fachbereiche: Orthop\u00e4die \/ Rheumatologie \/ Neurologie<\/p>\n\n\n\n<p id=\"block-b78bda1f-9a87-4200-a1ca-9c21021bd24e\"><strong>Frau Andrea Adil<\/strong><br>Fachbereiche: Gerontopsychiatrie \/ Geriatrie<\/p>\n<\/div>\n\n\n\n<div class=\"wp-block-column is-layout-flow wp-block-column-is-layout-flow\">\n<p><strong>Frau Franziska Sch\u00e4fer<\/strong><br>Fachbereiche: Gerontopsychiatrie \/ Geriatrie \/ Neurologie<\/p>\n\n\n\n<p><strong>Frau Svenja Siegert<\/strong><br>Fachbereiche: P\u00e4diatrie \/ Neurologie \/ Orthop\u00e4die<\/p>\n\n\n\n<p><strong>Frau Gabriele Kreter<\/strong><br>B\u00fcromanagement \/ Praxisorganisation<\/p>\n\n\n\n<p><strong>Frau Ute Malzahn<\/strong><br>Raumpflege<\/p>\n<\/div>\n<\/div>\n\n\n\n<hr class=\"wp-block-separator has-alpha-channel-opacity is-style-wide\"\/>\n\n\n\n<figure class=\"wp-block-gallery has-nested-images columns-3 is-cropped wp-block-gallery-2 is-layout-flex wp-block-gallery-is-layout-flex\">\n<figure class=\"wp-block-image size-large\"><a href=\"https:\/\/www.imprints.de\/diakonie\/wp-content\/uploads\/2026\/02\/zimmer_1.jpg\" data-rel=\"lightbox-gallery-58pj2JYL\" data-rl_title=\"\" data-rl_caption=\"\" title=\"\"><img loading=\"lazy\" decoding=\"async\" width=\"1024\" height=\"681\" data-id=\"2728\" src=\"http:\/\/www.imprints.de\/diakonie\/wp-content\/uploads\/2026\/02\/zimmer_1-1024x681.jpg\" alt=\"\" class=\"wp-image-2728\" srcset=\"https:\/\/www.imprints.de\/diakonie\/wp-content\/uploads\/2026\/02\/zimmer_1-1024x681.jpg 1024w, https:\/\/www.imprints.de\/diakonie\/wp-content\/uploads\/2026\/02\/zimmer_1-300x200.jpg 300w, https:\/\/www.imprints.de\/diakonie\/wp-content\/uploads\/2026\/02\/zimmer_1-768x511.jpg 768w, https:\/\/www.imprints.de\/diakonie\/wp-content\/uploads\/2026\/02\/zimmer_1.jpg 1200w\" sizes=\"auto, (max-width: 1024px) 100vw, 1024px\" \/><\/a><\/figure>\n\n\n\n<figure class=\"wp-block-image size-large\"><a href=\"https:\/\/www.imprints.de\/diakonie\/wp-content\/uploads\/2026\/02\/zimmer_8.jpg\" data-rel=\"lightbox-gallery-58pj2JYL\" data-rl_title=\"\" data-rl_caption=\"\" title=\"\"><img loading=\"lazy\" decoding=\"async\" width=\"1024\" height=\"684\" data-id=\"2735\" src=\"https:\/\/www.imprints.de\/diakonie\/wp-content\/uploads\/2026\/02\/zimmer_8-1024x684.jpg\" alt=\"\" class=\"wp-image-2735\" srcset=\"https:\/\/www.imprints.de\/diakonie\/wp-content\/uploads\/2026\/02\/zimmer_8-1024x684.jpg 1024w, https:\/\/www.imprints.de\/diakonie\/wp-content\/uploads\/2026\/02\/zimmer_8-300x200.jpg 300w, https:\/\/www.imprints.de\/diakonie\/wp-content\/uploads\/2026\/02\/zimmer_8-768x513.jpg 768w, https:\/\/www.imprints.de\/diakonie\/wp-content\/uploads\/2026\/02\/zimmer_8-400x266.jpg 400w, https:\/\/www.imprints.de\/diakonie\/wp-content\/uploads\/2026\/02\/zimmer_8.jpg 1200w\" sizes=\"auto, (max-width: 1024px) 100vw, 1024px\" \/><\/a><\/figure>\n\n\n\n<figure class=\"wp-block-image size-large\"><a href=\"https:\/\/www.imprints.de\/diakonie\/wp-content\/uploads\/2026\/02\/zimmer_3.jpg\" data-rel=\"lightbox-gallery-58pj2JYL\" data-rl_title=\"\" data-rl_caption=\"\" title=\"\"><img loading=\"lazy\" decoding=\"async\" width=\"1024\" height=\"683\" data-id=\"2730\" src=\"https:\/\/www.imprints.de\/diakonie\/wp-content\/uploads\/2026\/02\/zimmer_3-1024x683.jpg\" alt=\"\" class=\"wp-image-2730\" srcset=\"https:\/\/www.imprints.de\/diakonie\/wp-content\/uploads\/2026\/02\/zimmer_3-1024x683.jpg 1024w, https:\/\/www.imprints.de\/diakonie\/wp-content\/uploads\/2026\/02\/zimmer_3-300x200.jpg 300w, https:\/\/www.imprints.de\/diakonie\/wp-content\/uploads\/2026\/02\/zimmer_3-768x512.jpg 768w, https:\/\/www.imprints.de\/diakonie\/wp-content\/uploads\/2026\/02\/zimmer_3-400x266.jpg 400w, https:\/\/www.imprints.de\/diakonie\/wp-content\/uploads\/2026\/02\/zimmer_3.jpg 1200w\" sizes=\"auto, (max-width: 1024px) 100vw, 1024px\" \/><\/a><\/figure>\n\n\n\n<figure class=\"wp-block-image size-large\"><a href=\"https:\/\/www.imprints.de\/diakonie\/wp-content\/uploads\/2026\/02\/zimmer_2.jpg\" data-rel=\"lightbox-gallery-58pj2JYL\" data-rl_title=\"\" data-rl_caption=\"\" title=\"\"><img loading=\"lazy\" decoding=\"async\" width=\"1024\" height=\"684\" data-id=\"2729\" src=\"https:\/\/www.imprints.de\/diakonie\/wp-content\/uploads\/2026\/02\/zimmer_2-1024x684.jpg\" alt=\"\" class=\"wp-image-2729\" srcset=\"https:\/\/www.imprints.de\/diakonie\/wp-content\/uploads\/2026\/02\/zimmer_2-1024x684.jpg 1024w, https:\/\/www.imprints.de\/diakonie\/wp-content\/uploads\/2026\/02\/zimmer_2-300x200.jpg 300w, https:\/\/www.imprints.de\/diakonie\/wp-content\/uploads\/2026\/02\/zimmer_2-768x513.jpg 768w, https:\/\/www.imprints.de\/diakonie\/wp-content\/uploads\/2026\/02\/zimmer_2-400x266.jpg 400w, https:\/\/www.imprints.de\/diakonie\/wp-content\/uploads\/2026\/02\/zimmer_2.jpg 1200w\" sizes=\"auto, (max-width: 1024px) 100vw, 1024px\" \/><\/a><\/figure>\n\n\n\n<figure class=\"wp-block-image size-large\"><a href=\"https:\/\/www.imprints.de\/diakonie\/wp-content\/uploads\/2026\/02\/zimmer_4.jpg\" data-rel=\"lightbox-gallery-58pj2JYL\" data-rl_title=\"\" data-rl_caption=\"\" title=\"\"><img loading=\"lazy\" decoding=\"async\" width=\"1024\" height=\"683\" data-id=\"2731\" src=\"https:\/\/www.imprints.de\/diakonie\/wp-content\/uploads\/2026\/02\/zimmer_4-1024x683.jpg\" alt=\"\" class=\"wp-image-2731\" srcset=\"https:\/\/www.imprints.de\/diakonie\/wp-content\/uploads\/2026\/02\/zimmer_4-1024x683.jpg 1024w, https:\/\/www.imprints.de\/diakonie\/wp-content\/uploads\/2026\/02\/zimmer_4-300x200.jpg 300w, https:\/\/www.imprints.de\/diakonie\/wp-content\/uploads\/2026\/02\/zimmer_4-768x512.jpg 768w, https:\/\/www.imprints.de\/diakonie\/wp-content\/uploads\/2026\/02\/zimmer_4.jpg 1200w\" sizes=\"auto, (max-width: 1024px) 100vw, 1024px\" \/><\/a><\/figure>\n\n\n\n<figure class=\"wp-block-image size-large\"><a href=\"https:\/\/www.imprints.de\/diakonie\/wp-content\/uploads\/2026\/02\/zimmer_7.jpg\" data-rel=\"lightbox-gallery-58pj2JYL\" data-rl_title=\"\" data-rl_caption=\"\" title=\"\"><img loading=\"lazy\" decoding=\"async\" width=\"1024\" height=\"684\" data-id=\"2734\" src=\"https:\/\/www.imprints.de\/diakonie\/wp-content\/uploads\/2026\/02\/zimmer_7-1024x684.jpg\" alt=\"\" class=\"wp-image-2734\" srcset=\"https:\/\/www.imprints.de\/diakonie\/wp-content\/uploads\/2026\/02\/zimmer_7-1024x684.jpg 1024w, https:\/\/www.imprints.de\/diakonie\/wp-content\/uploads\/2026\/02\/zimmer_7-300x200.jpg 300w, https:\/\/www.imprints.de\/diakonie\/wp-content\/uploads\/2026\/02\/zimmer_7-768x513.jpg 768w, https:\/\/www.imprints.de\/diakonie\/wp-content\/uploads\/2026\/02\/zimmer_7-400x266.jpg 400w, https:\/\/www.imprints.de\/diakonie\/wp-content\/uploads\/2026\/02\/zimmer_7.jpg 1200w\" sizes=\"auto, (max-width: 1024px) 100vw, 1024px\" \/><\/a><\/figure>\n\n\n\n<figure class=\"wp-block-image size-large\"><a href=\"https:\/\/www.imprints.de\/diakonie\/wp-content\/uploads\/2026\/04\/zimmer_6.jpg\" data-rel=\"lightbox-gallery-58pj2JYL\" data-rl_title=\"\" data-rl_caption=\"\" title=\"\"><img loading=\"lazy\" decoding=\"async\" width=\"1024\" height=\"683\" data-id=\"2847\" src=\"https:\/\/www.imprints.de\/diakonie\/wp-content\/uploads\/2026\/04\/zimmer_6-1024x683.jpg\" alt=\"\" class=\"wp-image-2847\" srcset=\"https:\/\/www.imprints.de\/diakonie\/wp-content\/uploads\/2026\/04\/zimmer_6-1024x683.jpg 1024w, https:\/\/www.imprints.de\/diakonie\/wp-content\/uploads\/2026\/04\/zimmer_6-300x200.jpg 300w, https:\/\/www.imprints.de\/diakonie\/wp-content\/uploads\/2026\/04\/zimmer_6-768x512.jpg 768w, https:\/\/www.imprints.de\/diakonie\/wp-content\/uploads\/2026\/04\/zimmer_6.jpg 1200w\" sizes=\"auto, (max-width: 1024px) 100vw, 1024px\" \/><\/a><\/figure>\n<\/figure>\n\n\n\n<h2 class=\"wp-block-heading has-text-color has-link-color has-medium-font-size wp-elements-2c1052b6d05cf1e03b1407802ed61c39\" style=\"color:#871719\">So nehmen Sie Kontakt auf:<\/h2>\n\n\n\n<p>Telefon: 0551 \/ 82094330 | Telefax: 0551 \/ 82094329<\/p>\n\n\n\n<p>Mail: <a href=\"mailto:mail@ergopraxis-weende.de?subject=Allgemeine%20Anfrage\" target=\"_blank\" rel=\"noreferrer noopener\">mail@ergopraxis-weende.de<\/a><\/p>\n\n\n\n<hr class=\"wp-block-separator has-alpha-channel-opacity is-style-wide\"\/>\n\n\n\n<h2 class=\"wp-block-heading has-text-color has-link-color has-medium-font-size wp-elements-481ad6596ea5ac08e2ea6796518dba67\" style=\"color:#871719\">So finden Sie uns<\/h2>\n\n\n\n<p>im Haus der Hennebergstra\u00dfe 12 \/ Ecke Eichweg (auf der Ebene 1 \u2013 oberhalb der B\u00e4ckerei Thiele)<\/p>\n\n\n\n<p>Die Barrierefreiheit ist durch einen Fahrstuhl gew\u00e4hrleistet.<\/p>\n","protected":false},"excerpt":{"rendered":"<p>Guten Tag \u2013Wir hei\u00dfen Sie in unserer Praxis herzlich willkommen. Mit unterschiedlichen Qualifikationen arbeiten wir in verschiedenen Fachbereichen auf einem hohen therapeutischen Stand, um unsere Patient*innen individuell versorgen zu k\u00f6nnen. Unser Team besteht aus 14 Therapeuten, welche f\u00fcr Sie in<\/p>\n","protected":false},"author":1,"featured_media":0,"parent":0,"menu_order":0,"comment_status":"closed","ping_status":"closed","template":"","meta":{"footnotes":""},"class_list":["post-1862","page","type-page","status-publish","hentry"],"_links":{"self":[{"href":"https:\/\/www.imprints.de\/diakonie\/wp-json\/wp\/v2\/pages\/1862","targetHints":{"allow":["GET"]}}],"collection":[{"href":"https:\/\/www.imprints.de\/diakonie\/wp-json\/wp\/v2\/pages"}],"about":[{"href":"https:\/\/www.imprints.de\/diakonie\/wp-json\/wp\/v2\/types\/page"}],"author":[{"embeddable":true,"href":"https:\/\/www.imprints.de\/diakonie\/wp-json\/wp\/v2\/users\/1"}],"replies":[{"embeddable":true,"href":"https:\/\/www.imprints.de\/diakonie\/wp-json\/wp\/v2\/comments?post=1862"}],"version-history":[{"count":89,"href":"https:\/\/www.imprints.de\/diakonie\/wp-json\/wp\/v2\/pages\/1862\/revisions"}],"predecessor-version":[{"id":2861,"href":"https:\/\/www.imprints.de\/diakonie\/wp-json\/wp\/v2\/pages\/1862\/revisions\/2861"}],"wp:attachment":[{"href":"https:\/\/www.imprints.de\/diakonie\/wp-json\/wp\/v2\/media?parent=1862"}],"curies":[{"name":"wp","href":"https:\/\/api.w.org\/{rel}","templated":true}]}}